{"id":4935,"date":"2023-08-14T07:34:08","date_gmt":"2023-08-14T05:34:08","guid":{"rendered":"https:\/\/www.cobus-industries.com\/?page_id=4935"},"modified":"2026-01-13T14:29:24","modified_gmt":"2026-01-13T13:29:24","slug":"karriere","status":"publish","type":"page","link":"https:\/\/www.cobus-industries.com\/de\/karriere\/","title":{"rendered":"Karriere"},"content":{"rendered":"<p class=\"lead\">Eine Karriere, die zu dir passt &#8211; Wachse mit uns<\/p>\n<p>Wirtschaftlicher Erfolg, Wachstum und der stetige Wandel mit Herausforderungen an die Entwicklung von zukunftsweisenden Technologien sind ein wichtiger und stetiger Pfeiler unserer t\u00e4glichen Arbeit. Unsere Branche hat sich in den letzten 10 Jahren stark ver\u00e4ndert, neue \u00f6konomische und \u00f6kologische Herausforderungen sind zu meistern.<\/p>\n<p>Wandel ist positiv und wir nutzen die daraus erwachsenden Chancen f\u00fcr uns. Wandel bedeutet auch, sich immer wieder selbst neu zu erfinden und neue Wege zu gehen. Um unsere Spitzenposition am Markt zu halten, wollen wir uns stetig weiter entwickeln und verbessern. Das schaffen wir nur gemeinsam als Team. <strong>Werde Teil des COBUS-Teams!<\/strong><\/p>\n","protected":false},"excerpt":{"rendered":"<p>Eine Karriere, die zu dir passt &#8211; Wachse mit uns Wirtschaftlicher Erfolg, Wachstum und der stetige Wandel mit Herausforderungen an die Entwicklung von zukunftsweisenden Technologien sind ein wichtiger und stetiger Pfeiler unserer t\u00e4glichen Arbeit. Unsere Branche hat sich in den letzten 10 Jahren stark ver\u00e4ndert, neue \u00f6konomische und \u00f6kologische Herausforderungen sind zu meistern. Wandel ist positiv und wir nutzen die daraus erwachsenden Chancen f\u00fcr uns. Wandel bedeutet auch, sich immer wieder selbst neu zu erfinden und neue Wege zu gehen. Um unsere Spitzenposition am Markt zu halten, wollen wir uns stetig weiter entwickeln und verbessern. Das schaffen wir nur gemeinsam als Team. Werde Teil des COBUS-Teams!<\/p>\n","protected":false},"author":1,"featured_media":0,"parent":0,"menu_order":0,"comment_status":"closed","ping_status":"closed","template":"karrier-template.php","meta":{"_acf_changed":false,"inline_featured_image":false,"footnotes":""},"class_list":["post-4935","page","type-page","status-publish","hentry"],"acf":[],"_links":{"self":[{"href":"https:\/\/www.cobus-industries.com\/de\/wp-json\/wp\/v2\/pages\/4935","targetHints":{"allow":["GET"]}}],"collection":[{"href":"https:\/\/www.cobus-industries.com\/de\/wp-json\/wp\/v2\/pages"}],"about":[{"href":"https:\/\/www.cobus-industries.com\/de\/wp-json\/wp\/v2\/types\/page"}],"author":[{"embeddable":true,"href":"https:\/\/www.cobus-industries.com\/de\/wp-json\/wp\/v2\/users\/1"}],"replies":[{"embeddable":true,"href":"https:\/\/www.cobus-industries.com\/de\/wp-json\/wp\/v2\/comments?post=4935"}],"version-history":[{"count":39,"href":"https:\/\/www.cobus-industries.com\/de\/wp-json\/wp\/v2\/pages\/4935\/revisions"}],"predecessor-version":[{"id":5600,"href":"https:\/\/www.cobus-industries.com\/de\/wp-json\/wp\/v2\/pages\/4935\/revisions\/5600"}],"wp:attachment":[{"href":"https:\/\/www.cobus-industries.com\/de\/wp-json\/wp\/v2\/media?parent=4935"}],"curies":[{"name":"wp","href":"https:\/\/api.w.org\/{rel}","templated":true}]}}