{"id":4462,"date":"2022-09-04T13:24:43","date_gmt":"2022-09-04T11:24:43","guid":{"rendered":"https:\/\/www.cobus-industries.de\/?page_id=4462"},"modified":"2023-02-14T12:20:43","modified_gmt":"2023-02-14T11:20:43","slug":"vega","status":"publish","type":"page","link":"https:\/\/www.cobus-industries.com\/de\/vega\/","title":{"rendered":"COBUS Vega"},"content":{"rendered":"<p>COBUS hat einen Stern am Himmel auf die Erde geholt: <strong>COBUS VEGA.<\/strong> Er ist eine konsequente Entwicklung mit Fokus auf \u00f6kologische Herausforderungen, \u00f6konomische Anforderungen und erh\u00f6hten Fahrgastkomfort.<\/p>\n<p>Der COBUS Vega ist das erste Produkt der neuen COBUS-Produktreihe als speziell entwickelter <strong>vollelektrischer Flughafenbus<\/strong>. Es handelt sich um eine bew\u00e4hrte Technologie von Daimler Truck mit au\u00dfergew\u00f6hnlichen Vorteilen und neuesten Innovationen.<\/p>\n","protected":false},"excerpt":{"rendered":"<p>COBUS hat einen Stern am Himmel auf die Erde geholt: COBUS VEGA. Er ist eine konsequente Entwicklung mit Fokus auf \u00f6kologische Herausforderungen, \u00f6konomische Anforderungen und erh\u00f6hten Fahrgastkomfort. Der COBUS Vega ist das erste Produkt der neuen COBUS-Produktreihe als speziell entwickelter vollelektrischer Flughafenbus. Es handelt sich um eine bew\u00e4hrte Technologie von Daimler Truck mit au\u00dfergew\u00f6hnlichen Vorteilen und neuesten Innovationen.<\/p>\n","protected":false},"author":1,"featured_media":0,"parent":0,"menu_order":0,"comment_status":"closed","ping_status":"closed","template":"dark-estart-page-template.php","meta":{"_acf_changed":false,"inline_featured_image":false,"footnotes":""},"class_list":["post-4462","page","type-page","status-publish","hentry"],"acf":[],"_links":{"self":[{"href":"https:\/\/www.cobus-industries.com\/de\/wp-json\/wp\/v2\/pages\/4462","targetHints":{"allow":["GET"]}}],"collection":[{"href":"https:\/\/www.cobus-industries.com\/de\/wp-json\/wp\/v2\/pages"}],"about":[{"href":"https:\/\/www.cobus-industries.com\/de\/wp-json\/wp\/v2\/types\/page"}],"author":[{"embeddable":true,"href":"https:\/\/www.cobus-industries.com\/de\/wp-json\/wp\/v2\/users\/1"}],"replies":[{"embeddable":true,"href":"https:\/\/www.cobus-industries.com\/de\/wp-json\/wp\/v2\/comments?post=4462"}],"version-history":[{"count":37,"href":"https:\/\/www.cobus-industries.com\/de\/wp-json\/wp\/v2\/pages\/4462\/revisions"}],"predecessor-version":[{"id":4800,"href":"https:\/\/www.cobus-industries.com\/de\/wp-json\/wp\/v2\/pages\/4462\/revisions\/4800"}],"wp:attachment":[{"href":"https:\/\/www.cobus-industries.com\/de\/wp-json\/wp\/v2\/media?parent=4462"}],"curies":[{"name":"wp","href":"https:\/\/api.w.org\/{rel}","templated":true}]}}