{"id":4459,"date":"2022-09-04T14:16:23","date_gmt":"2022-09-04T12:16:23","guid":{"rendered":"https:\/\/www.cobus-industries.de\/?page_id=4459"},"modified":"2023-02-14T12:24:12","modified_gmt":"2023-02-14T11:24:12","slug":"hydra","status":"publish","type":"page","link":"https:\/\/www.cobus-industries.com\/de\/hydra\/","title":{"rendered":"COBUS Hydra"},"content":{"rendered":"<p>Hydra ist das Sternbild der m\u00e4chtigen und unerm\u00fcdlichen Wasserschlange aus der griechischen Mythologie und steht f\u00fcr <strong>DEN ERSTEN WASSERSTOFFBETRIEBENEN FLUGHAFENBUS<\/strong> der Welt.<\/p>\n<p>Wasserstoff ist ein neuer, innovativer Weg, und COBUS ist Pionier bei der Herstellung dieser <strong>HOCHMODERNEN ANTRIEBSTECHNOLOGIE<\/strong> f\u00fcr die Flughafenmobilit\u00e4t. Damit wird auch die Modernisierung der Flughafeninfrastruktur vorangetrieben, da Wasserstoff selbst in kleinen Mengen eine enorme Energiespeicherkapazit\u00e4t besitzt.<\/p>\n","protected":false},"excerpt":{"rendered":"<p>Hydra ist das Sternbild der m\u00e4chtigen und unerm\u00fcdlichen Wasserschlange aus der griechischen Mythologie und steht f\u00fcr DEN ERSTEN WASSERSTOFFBETRIEBENEN FLUGHAFENBUS der Welt. Wasserstoff ist ein neuer, innovativer Weg, und COBUS ist Pionier bei der Herstellung dieser HOCHMODERNEN ANTRIEBSTECHNOLOGIE f\u00fcr die Flughafenmobilit\u00e4t. Damit wird auch die Modernisierung der Flughafeninfrastruktur vorangetrieben, da Wasserstoff selbst in kleinen Mengen eine enorme Energiespeicherkapazit\u00e4t besitzt.<\/p>\n","protected":false},"author":1,"featured_media":0,"parent":0,"menu_order":0,"comment_status":"closed","ping_status":"closed","template":"dark-estart-page-template.php","meta":{"_acf_changed":false,"inline_featured_image":false,"footnotes":""},"class_list":["post-4459","page","type-page","status-publish","hentry"],"acf":[],"_links":{"self":[{"href":"https:\/\/www.cobus-industries.com\/de\/wp-json\/wp\/v2\/pages\/4459","targetHints":{"allow":["GET"]}}],"collection":[{"href":"https:\/\/www.cobus-industries.com\/de\/wp-json\/wp\/v2\/pages"}],"about":[{"href":"https:\/\/www.cobus-industries.com\/de\/wp-json\/wp\/v2\/types\/page"}],"author":[{"embeddable":true,"href":"https:\/\/www.cobus-industries.com\/de\/wp-json\/wp\/v2\/users\/1"}],"replies":[{"embeddable":true,"href":"https:\/\/www.cobus-industries.com\/de\/wp-json\/wp\/v2\/comments?post=4459"}],"version-history":[{"count":29,"href":"https:\/\/www.cobus-industries.com\/de\/wp-json\/wp\/v2\/pages\/4459\/revisions"}],"predecessor-version":[{"id":4798,"href":"https:\/\/www.cobus-industries.com\/de\/wp-json\/wp\/v2\/pages\/4459\/revisions\/4798"}],"wp:attachment":[{"href":"https:\/\/www.cobus-industries.com\/de\/wp-json\/wp\/v2\/media?parent=4459"}],"curies":[{"name":"wp","href":"https:\/\/api.w.org\/{rel}","templated":true}]}}