{"id":3356,"date":"2021-01-19T05:31:50","date_gmt":"2021-01-19T04:31:50","guid":{"rendered":"https:\/\/www.cobus-industries.de\/cobus-e-start\/"},"modified":"2023-09-05T14:57:37","modified_gmt":"2023-09-05T12:57:37","slug":"cobus-e-start","status":"publish","type":"page","link":"https:\/\/www.cobus-industries.com\/de\/cobus-e-start\/","title":{"rendered":"COBUS e.START"},"content":{"rendered":"<p>Stellen Sie Ihre bestehende COBUS-Flotte auf Elektroantrieb um. Reduzieren Sie somit Ihre CO2-Bilanz und halbieren Sie Ihre Betriebskosten.<\/p>\n<p>Einer der Vorteile unseres COBUS ist seine Flexibilit\u00e4t. Die Technologie \u00e4ndert sich schneller als die Lebensdauer der Ger\u00e4te, vor allem, wenn man bedenkt, dass sie mit dem Aluminiumaufbau des COBUS leicht 25 Jahre erreichen k\u00f6nnen. Wie sieht es mit den Emissionsstandards aus? Wenn Elektro die Zukunft ist, k\u00f6nnen Sie entweder einen neuen <a href=\"https:\/\/www.cobus-industries.com\/de\/produkte\/e-cobus-3000\/\">e.COBUS<\/a> in Betracht ziehen oder Sie r\u00fcsten Ihre bestehende COBUS-Flotte auf Elektro um: Wir nennen dieses Produkt: e.START.<\/p>\n<p>Der e.START ist der nachhaltige Weg, den wir, COBUS, unseren Kunden anbieten. Der Ausbau des Dieselmotors, die Montage des elektrischen Antriebsstrangs und der Batteriepakete auf dem Dach machen Ihren COBUS emissionsfrei. Die Wiederverwendung von \u00fcber 80% des Materials macht den e.START zu einer zeitgem\u00e4\u00dfen L\u00f6sung f\u00fcr eine bessere Zukunft. Gleichzeitig bietet Ihnen der e.START die M\u00f6glichkeit, Ihren COBUS zu \u00fcberholen und Ihre Ausstattung im COBUS zu modernisieren.<\/p>\n","protected":false},"excerpt":{"rendered":"<p>Stellen Sie Ihre bestehende COBUS-Flotte auf Elektroantrieb um. Reduzieren Sie somit Ihre CO2-Bilanz und halbieren Sie Ihre Betriebskosten. Einer der Vorteile unseres COBUS ist seine Flexibilit\u00e4t. Die Technologie \u00e4ndert sich schneller als die Lebensdauer der Ger\u00e4te, vor allem, wenn man bedenkt, dass sie mit dem Aluminiumaufbau des COBUS leicht 25 Jahre erreichen k\u00f6nnen. Wie sieht es mit den Emissionsstandards aus? Wenn Elektro die Zukunft ist, k\u00f6nnen Sie entweder einen neuen e.COBUS in Betracht ziehen oder Sie r\u00fcsten Ihre bestehende COBUS-Flotte auf Elektro um: Wir nennen dieses Produkt: e.START. Der e.START ist der nachhaltige Weg, den wir, COBUS, unseren Kunden anbieten. Der Ausbau des Dieselmotors, die Montage des elektrischen Antriebsstrangs und der Batteriepakete auf dem Dach machen Ihren COBUS emissionsfrei. Die Wiederverwendung von \u00fcber 80% des Materials macht den e.START zu einer zeitgem\u00e4\u00dfen L\u00f6sung f\u00fcr eine bessere Zukunft. Gleichzeitig bietet Ihnen der e.START die M\u00f6glichkeit, Ihren COBUS zu \u00fcberholen und Ihre Ausstattung im COBUS zu modernisieren.<\/p>\n","protected":false},"author":1,"featured_media":0,"parent":0,"menu_order":0,"comment_status":"closed","ping_status":"closed","template":"estart-page-template.php","meta":{"_acf_changed":false,"inline_featured_image":false,"footnotes":""},"class_list":["post-3356","page","type-page","status-publish","hentry"],"acf":[],"_links":{"self":[{"href":"https:\/\/www.cobus-industries.com\/de\/wp-json\/wp\/v2\/pages\/3356","targetHints":{"allow":["GET"]}}],"collection":[{"href":"https:\/\/www.cobus-industries.com\/de\/wp-json\/wp\/v2\/pages"}],"about":[{"href":"https:\/\/www.cobus-industries.com\/de\/wp-json\/wp\/v2\/types\/page"}],"author":[{"embeddable":true,"href":"https:\/\/www.cobus-industries.com\/de\/wp-json\/wp\/v2\/users\/1"}],"replies":[{"embeddable":true,"href":"https:\/\/www.cobus-industries.com\/de\/wp-json\/wp\/v2\/comments?post=3356"}],"version-history":[{"count":25,"href":"https:\/\/www.cobus-industries.com\/de\/wp-json\/wp\/v2\/pages\/3356\/revisions"}],"predecessor-version":[{"id":5073,"href":"https:\/\/www.cobus-industries.com\/de\/wp-json\/wp\/v2\/pages\/3356\/revisions\/5073"}],"wp:attachment":[{"href":"https:\/\/www.cobus-industries.com\/de\/wp-json\/wp\/v2\/media?parent=3356"}],"curies":[{"name":"wp","href":"https:\/\/api.w.org\/{rel}","templated":true}]}}