{"id":29,"date":"2018-10-22T08:08:14","date_gmt":"2018-10-22T08:08:14","guid":{"rendered":"http:\/\/staging.com\/cobus2018\/?page_id=29"},"modified":"2026-01-16T12:02:20","modified_gmt":"2026-01-16T11:02:20","slug":"startseite","status":"publish","type":"page","link":"https:\/\/www.cobus-industries.com\/de\/","title":{"rendered":"Startseite"},"content":{"rendered":"<h2>Leading Technology<\/h2>\n<p class=\"lead\">Made in Europe<\/p>\n<p>COBUS Industries geh\u00f6rt der Caetano Gruppe und der Daimler Truck AG (in Minderheitsbeteiligung) an. Wir agieren auf dem Weltmarkt im Bereich Airport Mobility.\u00a0Modernes Design, fortschrittliche Technologien und unser grundlegendes Verst\u00e4ndnis f\u00fcr die Bed\u00fcrfnisse von Passagieren wie auch Flughafenbetreibern zeichnen COBUS aus und machen das Unternehmen zum Marktf\u00fchrer.<\/p>\n<p>Erstklassige Produkte und Serviceleistungen sowie ein international aufgestelltes Team an Produkt-, Sales- und Service-Spezialisten unterst\u00fctzen unsere Kunden darin, den Herausforderungen der globalen Megatrends Digitalisierung, Vernetzung und E-Mobilit\u00e4t zu begegnen.<\/p>\n<p><a class=\"btn\" href=\"http:\/\/www.cobus-industries.com\/de\/unternehmen\/\">Unternehmen<\/a><\/p>\n","protected":false},"excerpt":{"rendered":"<p>Leading Technology Made in Europe COBUS Industries geh\u00f6rt der Caetano Gruppe und der Daimler Truck AG (in Minderheitsbeteiligung) an. Wir agieren auf dem Weltmarkt im Bereich Airport Mobility.\u00a0Modernes Design, fortschrittliche Technologien und unser grundlegendes Verst\u00e4ndnis f\u00fcr die Bed\u00fcrfnisse von Passagieren wie auch Flughafenbetreibern zeichnen COBUS aus und machen das Unternehmen zum Marktf\u00fchrer. Erstklassige Produkte und Serviceleistungen sowie ein international aufgestelltes Team an Produkt-, Sales- und Service-Spezialisten unterst\u00fctzen unsere Kunden darin, den Herausforderungen der globalen Megatrends Digitalisierung, Vernetzung und E-Mobilit\u00e4t zu begegnen. Unternehmen<\/p>\n","protected":false},"author":1,"featured_media":1172,"parent":0,"menu_order":0,"comment_status":"closed","ping_status":"closed","template":"","meta":{"_acf_changed":false,"inline_featured_image":false,"footnotes":""},"class_list":["post-29","page","type-page","status-publish","has-post-thumbnail","hentry"],"acf":[],"_links":{"self":[{"href":"https:\/\/www.cobus-industries.com\/de\/wp-json\/wp\/v2\/pages\/29","targetHints":{"allow":["GET"]}}],"collection":[{"href":"https:\/\/www.cobus-industries.com\/de\/wp-json\/wp\/v2\/pages"}],"about":[{"href":"https:\/\/www.cobus-industries.com\/de\/wp-json\/wp\/v2\/types\/page"}],"author":[{"embeddable":true,"href":"https:\/\/www.cobus-industries.com\/de\/wp-json\/wp\/v2\/users\/1"}],"replies":[{"embeddable":true,"href":"https:\/\/www.cobus-industries.com\/de\/wp-json\/wp\/v2\/comments?post=29"}],"version-history":[{"count":109,"href":"https:\/\/www.cobus-industries.com\/de\/wp-json\/wp\/v2\/pages\/29\/revisions"}],"predecessor-version":[{"id":5618,"href":"https:\/\/www.cobus-industries.com\/de\/wp-json\/wp\/v2\/pages\/29\/revisions\/5618"}],"wp:featuredmedia":[{"embeddable":true,"href":"https:\/\/www.cobus-industries.com\/de\/wp-json\/wp\/v2\/media\/1172"}],"wp:attachment":[{"href":"https:\/\/www.cobus-industries.com\/de\/wp-json\/wp\/v2\/media?parent=29"}],"curies":[{"name":"wp","href":"https:\/\/api.w.org\/{rel}","templated":true}]}}