{"id":188,"date":"2018-10-30T06:27:08","date_gmt":"2018-10-30T06:27:08","guid":{"rendered":"http:\/\/staging.com\/cobus2018\/?page_id=188"},"modified":"2023-12-13T18:01:14","modified_gmt":"2023-12-13T17:01:14","slug":"refit","status":"publish","type":"page","link":"https:\/\/www.cobus-industries.com\/de\/refit\/","title":{"rendered":"COBUS Refit"},"content":{"rendered":"<h2 class=\"darkblue\"><span class=\"caps\">COBUS<\/span>\u00a0refit<\/h2>\n<h4>Komplette Werks\u00fcberholung zu g\u00fcnstigen Konditionen.<\/h4>\n<p>Sie wollen Ihren Flugg\u00e4sten trotz begrenzter Budgets einen sicheren, komfortablen Transport auf dem Flughafenvorfeld bieten? Mit einem \u201eCOBUS refit\u201c ist genau das m\u00f6glich! Ob erste, zweite, dritte, vierte oder f\u00fcnfte Generation &#8211; alle COBUS-Modelle werden komplett werks\u00fcberholt.<\/p>\n","protected":false},"excerpt":{"rendered":"<p>COBUS\u00a0refit Komplette Werks\u00fcberholung zu g\u00fcnstigen Konditionen. Sie wollen Ihren Flugg\u00e4sten trotz begrenzter Budgets einen sicheren, komfortablen Transport auf dem Flughafenvorfeld bieten? Mit einem \u201eCOBUS refit\u201c ist genau das m\u00f6glich! Ob erste, zweite, dritte, vierte oder f\u00fcnfte Generation &#8211; alle COBUS-Modelle werden komplett werks\u00fcberholt.<\/p>\n","protected":false},"author":1,"featured_media":1358,"parent":0,"menu_order":0,"comment_status":"closed","ping_status":"closed","template":"refit-page-template.php","meta":{"_acf_changed":false,"inline_featured_image":false,"footnotes":""},"class_list":["post-188","page","type-page","status-publish","has-post-thumbnail","hentry"],"acf":[],"_links":{"self":[{"href":"https:\/\/www.cobus-industries.com\/de\/wp-json\/wp\/v2\/pages\/188","targetHints":{"allow":["GET"]}}],"collection":[{"href":"https:\/\/www.cobus-industries.com\/de\/wp-json\/wp\/v2\/pages"}],"about":[{"href":"https:\/\/www.cobus-industries.com\/de\/wp-json\/wp\/v2\/types\/page"}],"author":[{"embeddable":true,"href":"https:\/\/www.cobus-industries.com\/de\/wp-json\/wp\/v2\/users\/1"}],"replies":[{"embeddable":true,"href":"https:\/\/www.cobus-industries.com\/de\/wp-json\/wp\/v2\/comments?post=188"}],"version-history":[{"count":50,"href":"https:\/\/www.cobus-industries.com\/de\/wp-json\/wp\/v2\/pages\/188\/revisions"}],"predecessor-version":[{"id":5195,"href":"https:\/\/www.cobus-industries.com\/de\/wp-json\/wp\/v2\/pages\/188\/revisions\/5195"}],"wp:featuredmedia":[{"embeddable":true,"href":"https:\/\/www.cobus-industries.com\/de\/wp-json\/wp\/v2\/media\/1358"}],"wp:attachment":[{"href":"https:\/\/www.cobus-industries.com\/de\/wp-json\/wp\/v2\/media?parent=188"}],"curies":[{"name":"wp","href":"https:\/\/api.w.org\/{rel}","templated":true}]}}