{"id":171,"date":"2018-10-26T07:01:52","date_gmt":"2018-10-26T07:01:52","guid":{"rendered":"http:\/\/staging.com\/cobus2018\/?page_id=171"},"modified":"2023-09-05T15:03:17","modified_gmt":"2023-09-05T13:03:17","slug":"gebrauchtbusse","status":"publish","type":"page","link":"https:\/\/www.cobus-industries.com\/de\/gebrauchtbusse\/","title":{"rendered":"Gebrauchtbusse"},"content":{"rendered":"<h2>GEBRAUCHTBUSSE<\/h2>\n<h4>COBUS-Qualit\u00e4t ist zeitlos.<\/h4>\n<p>Wir stehen in st\u00e4ndigem Kontakt mit unseren Kunden und nehmen gebrauchte COBUS jederzeit gerne wieder zur\u00fcck. Die Busse werden nach hohen Qualit\u00e4tsanspr\u00fcchen rundum erneuert und zu einem angemessenen Preis wieder zum Kauf angeboten. Nutzen Sie die Gelegenheit, und holen Sie sich COBUS-Qualit\u00e4t zum besten Preis!<\/p>\n<p>Im Folgenden haben wir f\u00fcr Sie alle aktuellen Gebrauchtbus-Angebote, inklusive Spezifikationen, zusammengestellt. \u00dcber die Filteroptionen k\u00f6nnen Sie Ihre Suche zus\u00e4tzlich verfeinern.<\/p>\n","protected":false},"excerpt":{"rendered":"<p>GEBRAUCHTBUSSE COBUS-Qualit\u00e4t ist zeitlos. Wir stehen in st\u00e4ndigem Kontakt mit unseren Kunden und nehmen gebrauchte COBUS jederzeit gerne wieder zur\u00fcck. Die Busse werden nach hohen Qualit\u00e4tsanspr\u00fcchen rundum erneuert und zu einem angemessenen Preis wieder zum Kauf angeboten. Nutzen Sie die Gelegenheit, und holen Sie sich COBUS-Qualit\u00e4t zum besten Preis! Im Folgenden haben wir f\u00fcr Sie alle aktuellen Gebrauchtbus-Angebote, inklusive Spezifikationen, zusammengestellt. \u00dcber die Filteroptionen k\u00f6nnen Sie Ihre Suche zus\u00e4tzlich verfeinern.<\/p>\n","protected":false},"author":1,"featured_media":1771,"parent":0,"menu_order":0,"comment_status":"closed","ping_status":"closed","template":"gebrauchtbusse-page-template.php","meta":{"_acf_changed":false,"inline_featured_image":false,"footnotes":""},"class_list":["post-171","page","type-page","status-publish","has-post-thumbnail","hentry"],"acf":[],"_links":{"self":[{"href":"https:\/\/www.cobus-industries.com\/de\/wp-json\/wp\/v2\/pages\/171","targetHints":{"allow":["GET"]}}],"collection":[{"href":"https:\/\/www.cobus-industries.com\/de\/wp-json\/wp\/v2\/pages"}],"about":[{"href":"https:\/\/www.cobus-industries.com\/de\/wp-json\/wp\/v2\/types\/page"}],"author":[{"embeddable":true,"href":"https:\/\/www.cobus-industries.com\/de\/wp-json\/wp\/v2\/users\/1"}],"replies":[{"embeddable":true,"href":"https:\/\/www.cobus-industries.com\/de\/wp-json\/wp\/v2\/comments?post=171"}],"version-history":[{"count":35,"href":"https:\/\/www.cobus-industries.com\/de\/wp-json\/wp\/v2\/pages\/171\/revisions"}],"predecessor-version":[{"id":5076,"href":"https:\/\/www.cobus-industries.com\/de\/wp-json\/wp\/v2\/pages\/171\/revisions\/5076"}],"wp:featuredmedia":[{"embeddable":true,"href":"https:\/\/www.cobus-industries.com\/de\/wp-json\/wp\/v2\/media\/1771"}],"wp:attachment":[{"href":"https:\/\/www.cobus-industries.com\/de\/wp-json\/wp\/v2\/media?parent=171"}],"curies":[{"name":"wp","href":"https:\/\/api.w.org\/{rel}","templated":true}]}}