{"id":155,"date":"2018-10-25T05:54:19","date_gmt":"2018-10-25T05:54:19","guid":{"rendered":"http:\/\/staging.com\/cobus2018\/?page_id=155"},"modified":"2026-01-16T11:49:41","modified_gmt":"2026-01-16T10:49:41","slug":"unternehmen","status":"publish","type":"page","link":"https:\/\/www.cobus-industries.com\/de\/unternehmen\/","title":{"rendered":"UNTERNEHMEN"},"content":{"rendered":"<p>&nbsp;<\/p>\n<h2>UNTERNEHMEN<\/h2>\n<h4>Wir sind Weltmarktf\u00fchrer bei Flughafenvorfeldbussen und leisten seit \u00fcber 30 Jahren technologische Pionierarbeit.<\/h4>\n<p>Mit unseren fortschrittlichen Bussen tragen wir tagt\u00e4glich zum sicheren Transport von Menschen auf Flugh\u00e4fen weltweit bei. Unsere Kunden profitieren von zuverl\u00e4ssigen und sehr langlebigen Produkten, die somit f\u00fcr einen nachhaltigen und effizienten Betrieb sorgen.<\/p>\n<p>Heute sind \u00fcber 5.000 COBUS an mehr als 350 Flugh\u00e4fen in mehr als 115 L\u00e4ndern vertreten.<\/p>\n","protected":false},"excerpt":{"rendered":"<p>&nbsp; UNTERNEHMEN Wir sind Weltmarktf\u00fchrer bei Flughafenvorfeldbussen und leisten seit \u00fcber 30 Jahren technologische Pionierarbeit. Mit unseren fortschrittlichen Bussen tragen wir tagt\u00e4glich zum sicheren Transport von Menschen auf Flugh\u00e4fen weltweit bei. Unsere Kunden profitieren von zuverl\u00e4ssigen und sehr langlebigen Produkten, die somit f\u00fcr einen nachhaltigen und effizienten Betrieb sorgen. Heute sind \u00fcber 5.000 COBUS an mehr als 350 Flugh\u00e4fen in mehr als 115 L\u00e4ndern vertreten.<\/p>\n","protected":false},"author":1,"featured_media":1262,"parent":0,"menu_order":0,"comment_status":"closed","ping_status":"closed","template":"unternehmen-page-template.php","meta":{"_acf_changed":false,"inline_featured_image":false,"footnotes":""},"class_list":["post-155","page","type-page","status-publish","has-post-thumbnail","hentry"],"acf":[],"_links":{"self":[{"href":"https:\/\/www.cobus-industries.com\/de\/wp-json\/wp\/v2\/pages\/155","targetHints":{"allow":["GET"]}}],"collection":[{"href":"https:\/\/www.cobus-industries.com\/de\/wp-json\/wp\/v2\/pages"}],"about":[{"href":"https:\/\/www.cobus-industries.com\/de\/wp-json\/wp\/v2\/types\/page"}],"author":[{"embeddable":true,"href":"https:\/\/www.cobus-industries.com\/de\/wp-json\/wp\/v2\/users\/1"}],"replies":[{"embeddable":true,"href":"https:\/\/www.cobus-industries.com\/de\/wp-json\/wp\/v2\/comments?post=155"}],"version-history":[{"count":125,"href":"https:\/\/www.cobus-industries.com\/de\/wp-json\/wp\/v2\/pages\/155\/revisions"}],"predecessor-version":[{"id":5612,"href":"https:\/\/www.cobus-industries.com\/de\/wp-json\/wp\/v2\/pages\/155\/revisions\/5612"}],"wp:featuredmedia":[{"embeddable":true,"href":"https:\/\/www.cobus-industries.com\/de\/wp-json\/wp\/v2\/media\/1262"}],"wp:attachment":[{"href":"https:\/\/www.cobus-industries.com\/de\/wp-json\/wp\/v2\/media?parent=155"}],"curies":[{"name":"wp","href":"https:\/\/api.w.org\/{rel}","templated":true}]}}