{"id":10,"date":"2018-10-22T07:30:39","date_gmt":"2018-10-22T07:30:39","guid":{"rendered":"http:\/\/staging.com\/cobus2018\/?page_id=10"},"modified":"2023-02-14T12:46:31","modified_gmt":"2023-02-14T11:46:31","slug":"impressum","status":"publish","type":"page","link":"https:\/\/www.cobus-industries.com\/de\/impressum\/","title":{"rendered":"Impressum"},"content":{"rendered":"<p>Angaben gem\u00e4\u00df \u00a7 5\u00a0<span class=\"caps\">TMG<\/span>:<\/p>\n<p><b><span class=\"caps\">COBUS<\/span> <span class=\"caps\">Industries<\/span> GmbH<\/b><br \/>\nMax-Planck-Ring 43 . D-65205 Wiesbaden . Germany<br \/>\nPhone +49(0)6122 \u2013 95 53-0 . Fax +49(0)6122 \u2013 51 461<br \/>\n<a href=\"mailto:info@cobus-industries.com\">info@cobus-industries.com<\/a>\u00a0.\u00a0<a href=\"http:\/\/www.cobus-industries.com\/\">www.cobus-industries.com<\/a><\/p>\n<p class=\"block\"><b>Gesch\u00e4ftsf\u00fchrerin<\/b><br \/>\nPatricia Vasconcelos<\/p>\n<p class=\"block\"><b>Umsatzsteuer-Identifikationsnummer gem\u00e4\u00df \u00a727 a Umsatzsteuergesetz<\/b><br \/>\nUst-IdNr. DE113835572<\/p>\n<p class=\"block\"><b>Handelsregister<\/b><br \/>\nHandelsregister: Wiesbaden\u00a0<span class=\"caps\">HRB<\/span>\u00a05620<\/p>\n<p class=\"block\"><b>Redaktion &amp; Pflege<\/b><br \/>\nAnja Herzer (<span class=\"caps\">COBUS<\/span>\u00a0<span class=\"caps\">Industries<\/span> GmbH)<\/p>\n<p><b>Konzept, Design &amp; Programmierung<\/b><br \/>\n<span class=\"caps\">M\u00dcNCH<\/span>\u00a0<span class=\"caps\">IMPACT<\/span>\u00a0GmbH<br \/>\nWerbeagentur<br \/>\nHumboldtstra\u00dfe 6<br \/>\nD-65189 Wiesbaden<br \/>\nT + 49 611 341 58 924<br \/>\nF + 49 611 341 58 944<br \/>\ninfo@muenchimpact.com<br \/>\nwww.muenchimpact.com<\/p>\n<p><b>Quellenangaben f\u00fcr die verwendeten Bilder und Grafiken<\/b><br \/>\nGetty Images, Shutterstock\u200e<\/p>\n<p><b>Haftungsausschluss (Disclaimer)<\/b><\/p>\n<p><b>Haftung f\u00fcr Inhalte<\/b><br \/>\nAls Diensteanbieter ist\u00a0<span class=\"caps\">COBUS<\/span> <span class=\"caps\">Industries<\/span> GmbH gem\u00e4\u00df \u00a7 7 Abs.1 <span class=\"caps\">TMG<\/span>\u00a0f\u00fcr eigene Inhalte auf diesen Seiten nach den allgemeinen Gesetzen verantwortlich. Nach \u00a7\u00a7 8 bis 10\u00a0<span class=\"caps\">TMG<\/span>\u00a0ist\u00a0<span class=\"caps\">COBUS\u00a0<\/span><span class=\"caps\">Industries<\/span> GmbH als Diensteanbieter jedoch nicht verpflichtet, \u00fcbermittelte oder gespeicherte fremde Informationen zu \u00fcberwachen oder nach Umst\u00e4nden zu forschen, die auf eine rechtswidrige T\u00e4tigkeit hinweisen. Verpflichtungen zur Entfernung oder Sperrung der Nutzung von Informationen nach den allgemeinen Gesetzen bleiben hiervon unber\u00fchrt. Eine diesbez\u00fcgliche Haftung ist jedoch erst ab dem Zeitpunkt der Kenntnis einer konkreten Rechtsverletzung m\u00f6glich. Bei Bekanntwerden von entsprechenden Rechtsverletzungen werden diese Inhalte umgehend entfernt.<\/p>\n<p><b>Haftung f\u00fcr Links<\/b><br \/>\nDas Angebot von\u00a0<span class=\"caps\">COBUS<\/span> <span class=\"caps\">Industries<\/span> GmbH enth\u00e4lt Links zu externen Webseiten Dritter, auf deren Inhalte <span class=\"caps\">COBUS<\/span> <span class=\"caps\">Industries<\/span> GmbH keinen Einfluss hat. Deshalb kann f\u00fcr diese fremden Inhalte auch keine Gew\u00e4hr \u00fcbernehmen. F\u00fcr die Inhalte der verlinkten Seiten ist stets der jeweilige Anbieter oder Betreiber der Seiten verantwortlich. Die verlinkten Seiten wurden zum Zeitpunkt der Verlinkung auf m\u00f6gliche Rechtsverst\u00f6\u00dfe \u00fcberpr\u00fcft. Rechtswidrige Inhalte waren zum Zeitpunkt der Verlinkung nicht erkennbar. Eine permanente inhaltliche Kontrolle der verlinkten Seiten ist jedoch ohne konkrete Anhaltspunkte einer Rechtsverletzung nicht zumutbar. Bei Bekanntwerden von Rechtsverletzungen werden derartige Links umgehend entfernt.<\/p>\n<p><b>Urheberrecht<\/b><br \/>\nDie Inhalte dieser Webseite sind urheberrechtlich gesch\u00fctzt. Alle Rechte bleiben\u00a0<span class=\"caps\">COBUS<\/span> <span class=\"caps\">Industries<\/span> GmbH vorbehalten. Texte, Bilder, Grafiken, Animationen und Videos dieser Webseite d\u00fcrfen ohne vorherige schriftliche Zustimmung von <span class=\"caps\">COBUS<\/span> <span class=\"caps\">Industries<\/span> GmbH in keiner Form verwendet oder reproduziert werden, es sei denn die Informationen bzw. Grafiken etc. sind ausdr\u00fccklich f\u00fcr den weiteren Gebrauch bestimmt bzw. f\u00fcr die Weiterverarbeitung gekennzeichnet. Einige <span class=\"caps\">COBUS<\/span> <span class=\"caps\">Industries<\/span> GmbH Webseiten enthalten auch Bilder und Texte, die dem Urheberrecht derjenigen unterliegen, die diese zur Verf\u00fcgung gestellt haben.<\/p>\n","protected":false},"excerpt":{"rendered":"<p>Angaben gem\u00e4\u00df \u00a7 5\u00a0TMG: COBUS Industries GmbH Max-Planck-Ring 43 . D-65205 Wiesbaden . Germany Phone +49(0)6122 \u2013 95 53-0 . Fax +49(0)6122 \u2013 51 461 info@cobus-industries.com\u00a0.\u00a0www.cobus-industries.com Gesch\u00e4ftsf\u00fchrerin Patricia Vasconcelos Umsatzsteuer-Identifikationsnummer gem\u00e4\u00df \u00a727 a Umsatzsteuergesetz Ust-IdNr. DE113835572 Handelsregister Handelsregister: Wiesbaden\u00a0HRB\u00a05620 Redaktion &amp; Pflege Anja Herzer (COBUS\u00a0Industries GmbH) Konzept, Design &amp; Programmierung M\u00dcNCH\u00a0IMPACT\u00a0GmbH Werbeagentur Humboldtstra\u00dfe 6 D-65189 Wiesbaden T + 49 611 341 58 924 F + 49 611 341 58 944 info@muenchimpact.com www.muenchimpact.com Quellenangaben f\u00fcr die verwendeten Bilder und Grafiken Getty Images, Shutterstock\u200e Haftungsausschluss (Disclaimer) Haftung f\u00fcr Inhalte Als Diensteanbieter ist\u00a0COBUS Industries GmbH gem\u00e4\u00df \u00a7 7 Abs.1 TMG\u00a0f\u00fcr eigene Inhalte auf diesen Seiten nach den allgemeinen Gesetzen verantwortlich. Nach \u00a7\u00a7 8 bis 10\u00a0TMG\u00a0ist\u00a0COBUS\u00a0Industries GmbH als Diensteanbieter jedoch nicht verpflichtet, \u00fcbermittelte oder gespeicherte fremde Informationen zu \u00fcberwachen oder nach Umst\u00e4nden zu forschen, die auf eine rechtswidrige T\u00e4tigkeit hinweisen. Verpflichtungen zur Entfernung oder Sperrung der Nutzung von Informationen nach den allgemeinen Gesetzen bleiben hiervon unber\u00fchrt. Eine diesbez\u00fcgliche Haftung ist jedoch erst ab dem Zeitpunkt der Kenntnis einer konkreten Rechtsverletzung m\u00f6glich. Bei Bekanntwerden von entsprechenden Rechtsverletzungen werden diese Inhalte umgehend entfernt. Haftung f\u00fcr Links Das Angebot von\u00a0COBUS Industries GmbH enth\u00e4lt Links zu externen Webseiten Dritter, auf deren Inhalte COBUS Industries GmbH keinen Einfluss hat. Deshalb kann f\u00fcr diese fremden Inhalte auch keine Gew\u00e4hr \u00fcbernehmen. F\u00fcr die Inhalte der verlinkten Seiten ist stets der jeweilige Anbieter oder Betreiber der Seiten verantwortlich. Die verlinkten Seiten wurden zum Zeitpunkt der Verlinkung auf m\u00f6gliche Rechtsverst\u00f6\u00dfe \u00fcberpr\u00fcft. Rechtswidrige Inhalte waren zum Zeitpunkt der Verlinkung nicht erkennbar. Eine permanente inhaltliche Kontrolle der verlinkten Seiten ist jedoch ohne konkrete Anhaltspunkte einer Rechtsverletzung nicht zumutbar. Bei Bekanntwerden von Rechtsverletzungen werden derartige Links umgehend entfernt. Urheberrecht Die Inhalte dieser Webseite sind urheberrechtlich gesch\u00fctzt. Alle Rechte bleiben\u00a0COBUS Industries GmbH vorbehalten. Texte, Bilder, Grafiken, Animationen und Videos dieser Webseite d\u00fcrfen ohne vorherige schriftliche Zustimmung von COBUS Industries GmbH in keiner Form verwendet oder reproduziert werden, es sei denn die Informationen bzw. Grafiken etc. sind ausdr\u00fccklich f\u00fcr den weiteren Gebrauch bestimmt bzw. f\u00fcr die Weiterverarbeitung gekennzeichnet. Einige COBUS Industries GmbH Webseiten enthalten auch Bilder und Texte, die dem Urheberrecht derjenigen unterliegen, die diese zur Verf\u00fcgung gestellt haben.<\/p>\n","protected":false},"author":1,"featured_media":0,"parent":0,"menu_order":0,"comment_status":"closed","ping_status":"closed","template":"","meta":{"_acf_changed":false,"inline_featured_image":false,"footnotes":""},"class_list":["post-10","page","type-page","status-publish","hentry"],"acf":[],"_links":{"self":[{"href":"https:\/\/www.cobus-industries.com\/de\/wp-json\/wp\/v2\/pages\/10","targetHints":{"allow":["GET"]}}],"collection":[{"href":"https:\/\/www.cobus-industries.com\/de\/wp-json\/wp\/v2\/pages"}],"about":[{"href":"https:\/\/www.cobus-industries.com\/de\/wp-json\/wp\/v2\/types\/page"}],"author":[{"embeddable":true,"href":"https:\/\/www.cobus-industries.com\/de\/wp-json\/wp\/v2\/users\/1"}],"replies":[{"embeddable":true,"href":"https:\/\/www.cobus-industries.com\/de\/wp-json\/wp\/v2\/comments?post=10"}],"version-history":[{"count":14,"href":"https:\/\/www.cobus-industries.com\/de\/wp-json\/wp\/v2\/pages\/10\/revisions"}],"predecessor-version":[{"id":4822,"href":"https:\/\/www.cobus-industries.com\/de\/wp-json\/wp\/v2\/pages\/10\/revisions\/4822"}],"wp:attachment":[{"href":"https:\/\/www.cobus-industries.com\/de\/wp-json\/wp\/v2\/media?parent=10"}],"curies":[{"name":"wp","href":"https:\/\/api.w.org\/{rel}","templated":true}]}}